{"id":743,"date":"2026-02-18T13:40:54","date_gmt":"2026-02-18T13:40:54","guid":{"rendered":"https:\/\/vista-carnica.alphamedia.tirol\/impronta\/"},"modified":"2026-03-27T07:31:13","modified_gmt":"2026-03-27T07:31:13","slug":"impronta","status":"publish","type":"page","link":"https:\/\/vista-carnica.com\/it\/impronta\/","title":{"rendered":"Impronta"},"content":{"rendered":"\t\t<div data-elementor-type=\"wp-page\" data-elementor-id=\"743\" class=\"elementor elementor-743 elementor-558\" data-elementor-post-type=\"page\">\n\t\t\t\t<div class=\"elementor-element elementor-element-7c08b85 e-flex e-con-boxed e-con e-parent\" data-id=\"7c08b85\" data-element_type=\"container\" data-e-type=\"container\">\n\t\t\t\t\t<div class=\"e-con-inner\">\n\t\t\t\t<div class=\"elementor-element elementor-element-0165cab elementor-widget elementor-widget-heading\" data-id=\"0165cab\" data-element_type=\"widget\" data-e-type=\"widget\" data-widget_type=\"heading.default\">\n\t\t\t\t<div class=\"elementor-widget-container\">\n\t\t\t\t\t<h2 class=\"elementor-heading-title elementor-size-default\">Impronta<\/h2>\t\t\t\t<\/div>\n\t\t\t\t<\/div>\n\t\t\t\t<div class=\"elementor-element elementor-element-ec3594a elementor-widget elementor-widget-text-editor\" data-id=\"ec3594a\" data-element_type=\"widget\" data-e-type=\"widget\" data-widget_type=\"text-editor.default\">\n\t\t\t\t<div class=\"elementor-widget-container\">\n\t\t\t\t\t\t\t\t\t<p><strong>Responsabile dei contenuti<\/strong><\/p><p>Hotel Vista Carnica, Famiglia Egger<br>9941 Kartitsch, Wiese 39<\/p><p>info@vista-carnica.com<br>www.vista-carnica.com<br>Tel: +43 4848 5333<br>Mobile +43 660 28 94 222<\/p><p><strong><br>Rappresentato da<\/strong><\/p><p>Egger Johann<\/p><p> <\/p><p><strong>Membro di<\/strong>:<\/p><p>WKO Tirolo<\/p><p> <\/p><p><strong>ID dell&#8217;imposta sulle vendite<\/strong><\/p><p>ATU30738609<\/p><p> <\/p><p><strong>Autorit\u00e0 di vigilanza \/ autorit\u00e0 commerciale<\/strong><\/p><p>BH Lienz<\/p><p><a href=\"https:\/\/www.wko.at\/internetrecht\/informationspflichten-nach-dem-e-commerce-gesetz--dem-unte\">Informazioni secondo la legge sull&#8217;e-commerce<\/a><\/p><p> <\/p><p><strong>Oggetto della societ\u00e0<\/strong><\/p><p>Impresa individuale privata<br><br><\/p><p><strong>Legislazione applicabile<\/strong><\/p><p>AGBS Industria Alberghiera Austria<\/p><p> <\/p><p><strong>Concetto, layout, programmazione<\/strong><\/p><p>Alphamedia Tirol GmbH<br>Aue 185 b | A-9920 Sillian<br><a href=\"http:\/\/www.alphamedia.tirol\">www.alphamedia.tirol<\/a><\/p><p><strong> <\/strong><\/p><p><strong>Esclusione di responsabilit\u00e0<\/strong><\/p><p><strong>Responsabilit\u00e0 per i contenuti<\/strong><\/p><p>I contenuti delle nostre pagine sono stati creati con la massima cura. Tuttavia, non possiamo assumerci alcuna responsabilit\u00e0 per l&#8217;accuratezza, la completezza e l&#8217;attualit\u00e0 dei contenuti. In qualit\u00e0 di fornitore di servizi, siamo responsabili dei nostri contenuti su queste pagine ai sensi del \u00a7 7 comma 1 TMG (legge tedesca sui media telematici) e delle leggi generali. Ai sensi dei \u00a7\u00a7 8-10 TMG, tuttavia, in qualit\u00e0 di fornitore di servizi non siamo obbligati a monitorare le informazioni trasmesse o memorizzate da terzi o a indagare su circostanze che indicano un&#8217;attivit\u00e0 illegale. Gli obblighi di rimuovere o bloccare l&#8217;uso delle informazioni in conformit\u00e0 alla legislazione generale rimangono inalterati. Tuttavia, la responsabilit\u00e0 in questo senso \u00e8 possibile solo dal momento in cui si viene a conoscenza di una specifica violazione. Non appena verremo a conoscenza di tali violazioni, rimuoveremo immediatamente i contenuti.       <\/p><p><strong>Responsabilit\u00e0 per i link<\/strong><\/p><p>Il nostro sito web contiene link a siti web esterni di terzi sui cui contenuti non abbiamo alcuna influenza. Pertanto, non possiamo assumerci alcuna responsabilit\u00e0 per questi contenuti di terzi. Il rispettivo fornitore o gestore delle pagine \u00e8 sempre responsabile del contenuto delle pagine collegate. Le pagine collegate sono state controllate per verificare la presenza di eventuali violazioni legali al momento del collegamento. I contenuti illegali non sono stati individuati al momento del collegamento. Tuttavia, il monitoraggio permanente del contenuto delle pagine collegate non \u00e8 ragionevole in assenza di prove concrete di una violazione. Se dovessimo venire a conoscenza di eventuali violazioni legali, rimuoveremo immediatamente tali link.      <\/p><p><strong>Copyright<\/strong><\/p><p>I contenuti e le opere create dagli operatori del sito in queste pagine sono soggetti alla legge austriaca sul copyright. La riproduzione, la modifica, la distribuzione e qualsiasi tipo di utilizzo al di fuori dei limiti della legge sul copyright richiedono il consenso scritto del rispettivo autore o creatore. I download e le copie di questo sito sono consentiti solo per uso privato e non commerciale. Nella misura in cui i contenuti di questo sito non sono stati creati dall&#8217;operatore, vengono rispettati i diritti d&#8217;autore di terzi. In particolare, i contenuti di terzi sono contrassegnati come tali. Se tuttavia dovessi venire a conoscenza di una violazione del copyright, ti preghiamo di informarci di conseguenza. Qualora venissimo a conoscenza di violazioni, provvederemo a rimuovere immediatamente tali contenuti.      <\/p><p><strong>Protezione dei dati<\/strong><\/p><p>L&#8217;utilizzo del nostro sito web \u00e8 generalmente possibile senza fornire dati personali. Se sul nostro sito web vengono raccolti dati personali (ad esempio nome, indirizzo o indirizzo e-mail), ci\u00f2 avviene sempre su base volontaria, per quanto possibile. Tali dati non saranno trasmessi a terzi senza il tuo esplicito consenso.    <br>Desideriamo sottolineare che la trasmissione di dati su Internet (ad esempio quando si comunica via e-mail) pu\u00f2 presentare delle lacune in termini di sicurezza. Non \u00e8 possibile proteggere completamente i dati dall&#8217;accesso di terzi.   <br>Con la presente si vieta espressamente l&#8217;utilizzo dei dati di contatto pubblicati nell&#8217;ambito dell&#8217;obbligo di imprinting da parte di terzi per l&#8217;invio di materiale pubblicitario e informativo non richiesto. Gli operatori di questo sito web si riservano espressamente il diritto di intraprendere azioni legali in caso di invio non richiesto di informazioni pubblicitarie, come ad esempio e-mail di spam. <\/p><p><strong>Foto<br><\/strong>Hotel Vista Carnica<br>TVB Osttirol<\/p>\t\t\t\t\t\t\t\t<\/div>\n\t\t\t\t<\/div>\n\t\t\t\t\t<\/div>\n\t\t\t\t<\/div>\n\t\t\t\t<\/div>\n\t\t","protected":false},"excerpt":{"rendered":"","protected":false},"author":1,"featured_media":0,"parent":0,"menu_order":0,"comment_status":"closed","ping_status":"closed","template":"elementor_header_footer","meta":{"footnotes":""},"class_list":["post-743","page","type-page","status-publish","hentry","entry"],"yoast_head":"<!-- This site is optimized with the Yoast SEO plugin v27.4 - https:\/\/yoast.com\/product\/yoast-seo-wordpress\/ -->\n<title>Impronta - Vista Carnica<\/title>\n<meta name=\"robots\" content=\"noindex, nofollow\" \/>\n<meta property=\"og:locale\" content=\"it_IT\" \/>\n<meta property=\"og:type\" content=\"article\" \/>\n<meta property=\"og:title\" content=\"Impronta - Vista Carnica\" \/>\n<meta property=\"og:url\" content=\"https:\/\/vista-carnica.com\/it\/impronta\/\" \/>\n<meta property=\"og:site_name\" content=\"Vista Carnica\" \/>\n<meta property=\"article:modified_time\" content=\"2026-03-27T07:31:13+00:00\" \/>\n<meta name=\"twitter:card\" content=\"summary_large_image\" \/>\n<script type=\"application\/ld+json\" class=\"yoast-schema-graph\">{\"@context\":\"https:\\\/\\\/schema.org\",\"@graph\":[{\"@type\":\"WebPage\",\"@id\":\"https:\\\/\\\/vista-carnica.com\\\/it\\\/impronta\\\/\",\"url\":\"https:\\\/\\\/vista-carnica.com\\\/it\\\/impronta\\\/\",\"name\":\"Impronta - Vista Carnica\",\"isPartOf\":{\"@id\":\"https:\\\/\\\/vista-carnica.com\\\/it\\\/#website\"},\"datePublished\":\"2026-02-18T13:40:54+00:00\",\"dateModified\":\"2026-03-27T07:31:13+00:00\",\"breadcrumb\":{\"@id\":\"https:\\\/\\\/vista-carnica.com\\\/it\\\/impronta\\\/#breadcrumb\"},\"inLanguage\":\"it-IT\",\"potentialAction\":[{\"@type\":\"ReadAction\",\"target\":[\"https:\\\/\\\/vista-carnica.com\\\/it\\\/impronta\\\/\"]}]},{\"@type\":\"BreadcrumbList\",\"@id\":\"https:\\\/\\\/vista-carnica.com\\\/it\\\/impronta\\\/#breadcrumb\",\"itemListElement\":[{\"@type\":\"ListItem\",\"position\":1,\"name\":\"Startseite\",\"item\":\"https:\\\/\\\/vista-carnica.com\\\/it\\\/hotel-vista-carnica-a-kartitsch\\\/\"},{\"@type\":\"ListItem\",\"position\":2,\"name\":\"Impronta\"}]},{\"@type\":\"WebSite\",\"@id\":\"https:\\\/\\\/vista-carnica.com\\\/it\\\/#website\",\"url\":\"https:\\\/\\\/vista-carnica.com\\\/it\\\/\",\"name\":\"Vista Carnica\",\"description\":\"Hotel | Appartements in Kartitsch\",\"publisher\":{\"@id\":\"https:\\\/\\\/vista-carnica.com\\\/it\\\/#organization\"},\"potentialAction\":[{\"@type\":\"SearchAction\",\"target\":{\"@type\":\"EntryPoint\",\"urlTemplate\":\"https:\\\/\\\/vista-carnica.com\\\/it\\\/?s={search_term_string}\"},\"query-input\":{\"@type\":\"PropertyValueSpecification\",\"valueRequired\":true,\"valueName\":\"search_term_string\"}}],\"inLanguage\":\"it-IT\"},{\"@type\":\"Organization\",\"@id\":\"https:\\\/\\\/vista-carnica.com\\\/it\\\/#organization\",\"name\":\"Vista Carnica\",\"url\":\"https:\\\/\\\/vista-carnica.com\\\/it\\\/\",\"logo\":{\"@type\":\"ImageObject\",\"inLanguage\":\"it-IT\",\"@id\":\"https:\\\/\\\/vista-carnica.com\\\/it\\\/#\\\/schema\\\/logo\\\/image\\\/\",\"url\":\"https:\\\/\\\/vista-carnica.com\\\/wp-content\\\/uploads\\\/2025\\\/12\\\/cropped-Logo-schwarz.png\",\"contentUrl\":\"https:\\\/\\\/vista-carnica.com\\\/wp-content\\\/uploads\\\/2025\\\/12\\\/cropped-Logo-schwarz.png\",\"width\":806,\"height\":517,\"caption\":\"Vista Carnica\"},\"image\":{\"@id\":\"https:\\\/\\\/vista-carnica.com\\\/it\\\/#\\\/schema\\\/logo\\\/image\\\/\"}}]}<\/script>\n<!-- \/ Yoast SEO plugin. -->","yoast_head_json":{"title":"Impronta - Vista Carnica","robots":{"index":"noindex","follow":"nofollow"},"og_locale":"it_IT","og_type":"article","og_title":"Impronta - Vista Carnica","og_url":"https:\/\/vista-carnica.com\/it\/impronta\/","og_site_name":"Vista Carnica","article_modified_time":"2026-03-27T07:31:13+00:00","twitter_card":"summary_large_image","schema":{"@context":"https:\/\/schema.org","@graph":[{"@type":"WebPage","@id":"https:\/\/vista-carnica.com\/it\/impronta\/","url":"https:\/\/vista-carnica.com\/it\/impronta\/","name":"Impronta - Vista Carnica","isPartOf":{"@id":"https:\/\/vista-carnica.com\/it\/#website"},"datePublished":"2026-02-18T13:40:54+00:00","dateModified":"2026-03-27T07:31:13+00:00","breadcrumb":{"@id":"https:\/\/vista-carnica.com\/it\/impronta\/#breadcrumb"},"inLanguage":"it-IT","potentialAction":[{"@type":"ReadAction","target":["https:\/\/vista-carnica.com\/it\/impronta\/"]}]},{"@type":"BreadcrumbList","@id":"https:\/\/vista-carnica.com\/it\/impronta\/#breadcrumb","itemListElement":[{"@type":"ListItem","position":1,"name":"Startseite","item":"https:\/\/vista-carnica.com\/it\/hotel-vista-carnica-a-kartitsch\/"},{"@type":"ListItem","position":2,"name":"Impronta"}]},{"@type":"WebSite","@id":"https:\/\/vista-carnica.com\/it\/#website","url":"https:\/\/vista-carnica.com\/it\/","name":"Vista Carnica","description":"Hotel | Appartements in Kartitsch","publisher":{"@id":"https:\/\/vista-carnica.com\/it\/#organization"},"potentialAction":[{"@type":"SearchAction","target":{"@type":"EntryPoint","urlTemplate":"https:\/\/vista-carnica.com\/it\/?s={search_term_string}"},"query-input":{"@type":"PropertyValueSpecification","valueRequired":true,"valueName":"search_term_string"}}],"inLanguage":"it-IT"},{"@type":"Organization","@id":"https:\/\/vista-carnica.com\/it\/#organization","name":"Vista Carnica","url":"https:\/\/vista-carnica.com\/it\/","logo":{"@type":"ImageObject","inLanguage":"it-IT","@id":"https:\/\/vista-carnica.com\/it\/#\/schema\/logo\/image\/","url":"https:\/\/vista-carnica.com\/wp-content\/uploads\/2025\/12\/cropped-Logo-schwarz.png","contentUrl":"https:\/\/vista-carnica.com\/wp-content\/uploads\/2025\/12\/cropped-Logo-schwarz.png","width":806,"height":517,"caption":"Vista Carnica"},"image":{"@id":"https:\/\/vista-carnica.com\/it\/#\/schema\/logo\/image\/"}}]}},"_links":{"self":[{"href":"https:\/\/vista-carnica.com\/it\/wp-json\/wp\/v2\/pages\/743","targetHints":{"allow":["GET"]}}],"collection":[{"href":"https:\/\/vista-carnica.com\/it\/wp-json\/wp\/v2\/pages"}],"about":[{"href":"https:\/\/vista-carnica.com\/it\/wp-json\/wp\/v2\/types\/page"}],"author":[{"embeddable":true,"href":"https:\/\/vista-carnica.com\/it\/wp-json\/wp\/v2\/users\/1"}],"replies":[{"embeddable":true,"href":"https:\/\/vista-carnica.com\/it\/wp-json\/wp\/v2\/comments?post=743"}],"version-history":[{"count":1,"href":"https:\/\/vista-carnica.com\/it\/wp-json\/wp\/v2\/pages\/743\/revisions"}],"predecessor-version":[{"id":749,"href":"https:\/\/vista-carnica.com\/it\/wp-json\/wp\/v2\/pages\/743\/revisions\/749"}],"wp:attachment":[{"href":"https:\/\/vista-carnica.com\/it\/wp-json\/wp\/v2\/media?parent=743"}],"curies":[{"name":"wp","href":"https:\/\/api.w.org\/{rel}","templated":true}]}}