{"id":740,"date":"2026-02-18T13:44:36","date_gmt":"2026-02-18T13:44:36","guid":{"rendered":"https:\/\/vista-carnica.alphamedia.tirol\/informativa-sulla-privacy\/"},"modified":"2026-03-27T07:31:04","modified_gmt":"2026-03-27T07:31:04","slug":"informativa-sulla-privacy","status":"publish","type":"page","link":"https:\/\/vista-carnica.com\/it\/informativa-sulla-privacy\/","title":{"rendered":"Informativa sulla privacy"},"content":{"rendered":"\t\t<div data-elementor-type=\"wp-page\" data-elementor-id=\"740\" class=\"elementor elementor-740 elementor-563\" data-elementor-post-type=\"page\">\n\t\t\t\t<div class=\"elementor-element elementor-element-656ccc9 e-flex e-con-boxed e-con e-parent\" data-id=\"656ccc9\" data-element_type=\"container\" data-e-type=\"container\">\n\t\t\t\t\t<div class=\"e-con-inner\">\n\t\t\t\t<div class=\"elementor-element elementor-element-141faea elementor-widget elementor-widget-heading\" data-id=\"141faea\" data-element_type=\"widget\" data-e-type=\"widget\" data-widget_type=\"heading.default\">\n\t\t\t\t<div class=\"elementor-widget-container\">\n\t\t\t\t\t<h2 class=\"elementor-heading-title elementor-size-default\">Informativa sulla privacy<\/h2>\t\t\t\t<\/div>\n\t\t\t\t<\/div>\n\t\t\t\t<div class=\"elementor-element elementor-element-bce5fe2 elementor-widget elementor-widget-text-editor\" data-id=\"bce5fe2\" data-element_type=\"widget\" data-e-type=\"widget\" data-widget_type=\"text-editor.default\">\n\t\t\t\t<div class=\"elementor-widget-container\">\n\t\t\t\t\t\t\t\t\t<p><strong>Responsabile della protezione dei dati<\/strong>: non \u00e8 necessario un responsabile della protezione dei dati<\/p><p>La protezione dei tuoi dati personali ci sta particolarmente a cuore. Per questo motivo trattiamo i tuoi dati esclusivamente sulla base delle disposizioni di legge (GDPR, TKG 2003). In questa informativa sulla protezione dei dati, ti informiamo sugli aspetti pi\u00f9 importanti del trattamento dei dati sul nostro sito web.  <\/p><p><strong> <\/strong><\/p><p><strong>Contattaci<\/strong><\/p><p><strong>Modulo di contatto:<\/strong> Trattamento dei dati per l&#8217;elaborazione delle richieste di informazioni (Art. 6 comma 1 lit. b GDPR).<\/p><p>Se ci contatti utilizzando il modulo sul sito web o via e-mail, i dati che ci fornisci saranno conservati da noi per sei mesi allo scopo di elaborare la richiesta e in caso di domande successive. Non trasmetteremo questi dati senza il tuo consenso. <\/p><p><strong> <\/strong><\/p><p><strong>I tuoi diritti<\/strong><\/p><p>In linea di principio, hai diritto all&#8217;informazione, alla rettifica, alla cancellazione, alla limitazione, alla portabilit\u00e0 dei dati, alla cancellazione e all&#8217;opposizione.<\/p><p>Per esercitare questi diritti, puoi contattarci in qualsiasi momento. Ti chiediamo di effettuare la richiesta per iscritto per confermare la tua identit\u00e0. La richiesta pu\u00f2 essere inoltrata tramite lettera raccomandata ai recapiti indicati di seguito.  <\/p><p>Se ritieni che il trattamento dei tuoi dati personali violi le leggi sulla protezione dei dati o che i tuoi diritti di protezione dei dati siano stati violati in qualsiasi altro modo, puoi presentare un reclamo all&#8217;autorit\u00e0 di protezione dei dati. In Austria si tratta dell&#8217;Autorit\u00e0 austriaca per la protezione dei dati: <\/p><p>Barichgasse 40-42, 1030 Vienna<br>Tel.: +43 1 52 152-0<br>E-mail: <a href=\"mailto:dsb@dsb.gv.at\">dsb@dsb.gv.at<\/a><br>Web: <a href=\"https:\/\/www.dsb.gv.at\">https:\/\/www.dsb.gv.at<\/a><\/p><p><strong> <\/strong><\/p><p><strong>Gestione dei cookie<\/strong><\/p><p>Utilizziamo lo strumento di consenso &#8220;Real Cookie Banner&#8221; per gestire i cookie e le tecnologie simili utilizzate (pixel di tracciamento, web beacon, ecc.) e i relativi consensi. I dettagli sul funzionamento di &#8220;Real Cookie Banner&#8221; sono disponibili all&#8217;indirizzo &lt;a href=&#8221;https:\/\/devowl.io\/de\/rcb\/datenverarbeitung\/&#8221; rel=&#8221;noreferrer&#8221; target=&#8221;_blank&#8221;&gt;https:\/\/devowl.io\/de\/rcb\/datenverarbeitung\/&lt;\/a&gt;. <\/p><p>La base giuridica per il trattamento dei dati personali in questo contesto \u00e8 l&#8217;art. 6 par. 1 lett. c GDPR e l&#8217;art. 6 par. 1 lett. f GDPR. Il nostro legittimo interesse \u00e8 la gestione dei cookie e delle tecnologie simili utilizzate e i relativi consensi.     <\/p><p>Il conferimento dei dati personali non \u00e8 richiesto contrattualmente n\u00e9 necessario per la conclusione di un contratto. Non sei obbligato a fornire i dati personali. Se non fornisci i dati personali, non saremo in grado di gestire i tuoi consensi.  <\/p><p> <\/p><p><strong>Google Maps<\/strong><\/p><p>Il nostro sito web utilizza Google Maps per visualizzare mappe interattive e fornire indicazioni stradali. Google Maps \u00e8 un servizio fornito da Google LLC (1600 Amphitheatre Parkway, Mountain View, CA 94043, USA). Utilizzando Google Maps, le informazioni sull&#8217;utilizzo del sito web da parte dell&#8217;utente, compreso l&#8217;indirizzo IP e i dati dell&#8217;indirizzo inserito (se si inserisce un indirizzo nel campo di Google Maps), vengono trasmesse a Google negli Stati Uniti e memorizzate.  <\/p><p>L&#8217;utilizzo di Google Maps \u00e8 nell&#8217;interesse di una presentazione accattivante delle nostre offerte online e per facilitare la ricerca dei luoghi da noi indicati sul sito web. Ci\u00f2 costituisce un interesse legittimo ai sensi dell&#8217;<strong>art. 6 comma 1 lett. f GDPR<\/strong>. <\/p><p>Google pu\u00f2 trasferire queste informazioni a terzi qualora ci\u00f2 sia richiesto dalla legge o qualora tali terzi trattino le informazioni per conto di Google. Una descrizione dettagliata del trattamento dei dati da parte di Google \u00e8 disponibile nell&#8217;<strong>informativa sulla privacy di Google:<\/strong> https:\/\/policies.google.com\/privacy?hl=de. <\/p><p>Se desideri impedire il trasferimento dei dati a Google, puoi impedire l&#8217;utilizzo di Google Maps disattivando la funzione JavaScript nel tuo browser. Tuttavia, desideriamo sottolineare che in questo caso la visualizzazione della mappa non pu\u00f2 essere visualizzata o pu\u00f2 essere visualizzata solo in misura limitata. <\/p><p> <\/p><p><strong>Google Analytics<\/strong><\/p><p>Questo sito web utilizza Google Analytics, un servizio di analisi web fornito da Google Inc (&#8220;Google&#8221;). Google Analytics utilizza dei &#8220;cookies&#8221;, che sono file di testo che vengono depositati sul tuo computer per consentire al sito web di analizzare come gli utenti utilizzano il sito. Le informazioni generate dal cookie sull&#8217;utilizzo del sito web da parte dell&#8217;utente (compreso il suo indirizzo IP) verranno trasmesse e memorizzate da Google su un server negli Stati Uniti. Google utilizzer\u00e0 queste informazioni allo scopo di analizzare l&#8217;utilizzo del sito web da parte dell&#8217;utente, compilare report sulle attivit\u00e0 del sito web per gli operatori del sito web e fornire altri servizi relativi alle attivit\u00e0 del sito web e all&#8217;utilizzo di Internet. Google pu\u00f2 anche trasferire queste informazioni a terzi, qualora ci\u00f2 sia richiesto dalla legge o qualora tali terzi elaborino le informazioni per conto di Google. Google non assocer\u00e0 il tuo indirizzo IP a nessun altro dato posseduto da Google. L&#8217;utente pu\u00f2 rifiutare l&#8217;uso dei cookie selezionando l&#8217;impostazione appropriata sul proprio browser; tuttavia, si prega di notare che in tal caso potrebbe non essere in grado di utilizzare tutte le funzionalit\u00e0 di questo sito web. Utilizzando il presente sito web, l&#8217;utente acconsente al trattamento dei propri dati da parte di Google per le modalit\u00e0 e i fini sopraindicati.        <\/p><p> <\/p><p> <\/p><p><strong>Processo decisionale automatizzato e profilazione<\/strong><\/p><p>Su questo sito web non viene utilizzato alcun processo decisionale automatizzato, compresa la profilazione.<\/p><p> <\/p><p><strong>Puoi raggiungerci ai seguenti recapiti<\/strong>:<\/p><p>Hotel Vista Carnica, Famiglia Egger<br>9941 Kartitsch, Wiese 39<\/p><p>info@vista-carnica.com<br>www.vista-carnica.com<br>Tel: +43 4848 5333<br>Mobile +43 660 28 94 222<\/p>\t\t\t\t\t\t\t\t<\/div>\n\t\t\t\t<\/div>\n\t\t\t\t\t<\/div>\n\t\t\t\t<\/div>\n\t\t\t\t<\/div>\n\t\t","protected":false},"excerpt":{"rendered":"","protected":false},"author":1,"featured_media":0,"parent":0,"menu_order":0,"comment_status":"closed","ping_status":"closed","template":"elementor_header_footer","meta":{"footnotes":""},"class_list":["post-740","page","type-page","status-publish","hentry","entry"],"yoast_head":"<!-- This site is optimized with the Yoast SEO plugin v27.4 - https:\/\/yoast.com\/product\/yoast-seo-wordpress\/ -->\n<title>Informativa sulla privacy - Vista Carnica<\/title>\n<meta name=\"robots\" content=\"noindex, nofollow\" \/>\n<meta property=\"og:locale\" content=\"it_IT\" \/>\n<meta property=\"og:type\" content=\"article\" \/>\n<meta property=\"og:title\" content=\"Informativa sulla privacy - Vista Carnica\" \/>\n<meta property=\"og:url\" content=\"https:\/\/vista-carnica.com\/it\/informativa-sulla-privacy\/\" \/>\n<meta property=\"og:site_name\" content=\"Vista Carnica\" \/>\n<meta property=\"article:modified_time\" content=\"2026-03-27T07:31:04+00:00\" \/>\n<meta name=\"twitter:card\" content=\"summary_large_image\" \/>\n<script type=\"application\/ld+json\" class=\"yoast-schema-graph\">{\"@context\":\"https:\\\/\\\/schema.org\",\"@graph\":[{\"@type\":\"WebPage\",\"@id\":\"https:\\\/\\\/vista-carnica.com\\\/it\\\/informativa-sulla-privacy\\\/\",\"url\":\"https:\\\/\\\/vista-carnica.com\\\/it\\\/informativa-sulla-privacy\\\/\",\"name\":\"Informativa sulla privacy - Vista Carnica\",\"isPartOf\":{\"@id\":\"https:\\\/\\\/vista-carnica.com\\\/it\\\/#website\"},\"datePublished\":\"2026-02-18T13:44:36+00:00\",\"dateModified\":\"2026-03-27T07:31:04+00:00\",\"breadcrumb\":{\"@id\":\"https:\\\/\\\/vista-carnica.com\\\/it\\\/informativa-sulla-privacy\\\/#breadcrumb\"},\"inLanguage\":\"it-IT\",\"potentialAction\":[{\"@type\":\"ReadAction\",\"target\":[\"https:\\\/\\\/vista-carnica.com\\\/it\\\/informativa-sulla-privacy\\\/\"]}]},{\"@type\":\"BreadcrumbList\",\"@id\":\"https:\\\/\\\/vista-carnica.com\\\/it\\\/informativa-sulla-privacy\\\/#breadcrumb\",\"itemListElement\":[{\"@type\":\"ListItem\",\"position\":1,\"name\":\"Startseite\",\"item\":\"https:\\\/\\\/vista-carnica.com\\\/it\\\/hotel-vista-carnica-a-kartitsch\\\/\"},{\"@type\":\"ListItem\",\"position\":2,\"name\":\"Informativa sulla privacy\"}]},{\"@type\":\"WebSite\",\"@id\":\"https:\\\/\\\/vista-carnica.com\\\/it\\\/#website\",\"url\":\"https:\\\/\\\/vista-carnica.com\\\/it\\\/\",\"name\":\"Vista Carnica\",\"description\":\"Hotel | Appartements in Kartitsch\",\"publisher\":{\"@id\":\"https:\\\/\\\/vista-carnica.com\\\/it\\\/#organization\"},\"potentialAction\":[{\"@type\":\"SearchAction\",\"target\":{\"@type\":\"EntryPoint\",\"urlTemplate\":\"https:\\\/\\\/vista-carnica.com\\\/it\\\/?s={search_term_string}\"},\"query-input\":{\"@type\":\"PropertyValueSpecification\",\"valueRequired\":true,\"valueName\":\"search_term_string\"}}],\"inLanguage\":\"it-IT\"},{\"@type\":\"Organization\",\"@id\":\"https:\\\/\\\/vista-carnica.com\\\/it\\\/#organization\",\"name\":\"Vista Carnica\",\"url\":\"https:\\\/\\\/vista-carnica.com\\\/it\\\/\",\"logo\":{\"@type\":\"ImageObject\",\"inLanguage\":\"it-IT\",\"@id\":\"https:\\\/\\\/vista-carnica.com\\\/it\\\/#\\\/schema\\\/logo\\\/image\\\/\",\"url\":\"https:\\\/\\\/vista-carnica.com\\\/wp-content\\\/uploads\\\/2025\\\/12\\\/cropped-Logo-schwarz.png\",\"contentUrl\":\"https:\\\/\\\/vista-carnica.com\\\/wp-content\\\/uploads\\\/2025\\\/12\\\/cropped-Logo-schwarz.png\",\"width\":806,\"height\":517,\"caption\":\"Vista Carnica\"},\"image\":{\"@id\":\"https:\\\/\\\/vista-carnica.com\\\/it\\\/#\\\/schema\\\/logo\\\/image\\\/\"}}]}<\/script>\n<!-- \/ Yoast SEO plugin. -->","yoast_head_json":{"title":"Informativa sulla privacy - Vista Carnica","robots":{"index":"noindex","follow":"nofollow"},"og_locale":"it_IT","og_type":"article","og_title":"Informativa sulla privacy - Vista Carnica","og_url":"https:\/\/vista-carnica.com\/it\/informativa-sulla-privacy\/","og_site_name":"Vista Carnica","article_modified_time":"2026-03-27T07:31:04+00:00","twitter_card":"summary_large_image","schema":{"@context":"https:\/\/schema.org","@graph":[{"@type":"WebPage","@id":"https:\/\/vista-carnica.com\/it\/informativa-sulla-privacy\/","url":"https:\/\/vista-carnica.com\/it\/informativa-sulla-privacy\/","name":"Informativa sulla privacy - Vista Carnica","isPartOf":{"@id":"https:\/\/vista-carnica.com\/it\/#website"},"datePublished":"2026-02-18T13:44:36+00:00","dateModified":"2026-03-27T07:31:04+00:00","breadcrumb":{"@id":"https:\/\/vista-carnica.com\/it\/informativa-sulla-privacy\/#breadcrumb"},"inLanguage":"it-IT","potentialAction":[{"@type":"ReadAction","target":["https:\/\/vista-carnica.com\/it\/informativa-sulla-privacy\/"]}]},{"@type":"BreadcrumbList","@id":"https:\/\/vista-carnica.com\/it\/informativa-sulla-privacy\/#breadcrumb","itemListElement":[{"@type":"ListItem","position":1,"name":"Startseite","item":"https:\/\/vista-carnica.com\/it\/hotel-vista-carnica-a-kartitsch\/"},{"@type":"ListItem","position":2,"name":"Informativa sulla privacy"}]},{"@type":"WebSite","@id":"https:\/\/vista-carnica.com\/it\/#website","url":"https:\/\/vista-carnica.com\/it\/","name":"Vista Carnica","description":"Hotel | Appartements in Kartitsch","publisher":{"@id":"https:\/\/vista-carnica.com\/it\/#organization"},"potentialAction":[{"@type":"SearchAction","target":{"@type":"EntryPoint","urlTemplate":"https:\/\/vista-carnica.com\/it\/?s={search_term_string}"},"query-input":{"@type":"PropertyValueSpecification","valueRequired":true,"valueName":"search_term_string"}}],"inLanguage":"it-IT"},{"@type":"Organization","@id":"https:\/\/vista-carnica.com\/it\/#organization","name":"Vista Carnica","url":"https:\/\/vista-carnica.com\/it\/","logo":{"@type":"ImageObject","inLanguage":"it-IT","@id":"https:\/\/vista-carnica.com\/it\/#\/schema\/logo\/image\/","url":"https:\/\/vista-carnica.com\/wp-content\/uploads\/2025\/12\/cropped-Logo-schwarz.png","contentUrl":"https:\/\/vista-carnica.com\/wp-content\/uploads\/2025\/12\/cropped-Logo-schwarz.png","width":806,"height":517,"caption":"Vista Carnica"},"image":{"@id":"https:\/\/vista-carnica.com\/it\/#\/schema\/logo\/image\/"}}]}},"_links":{"self":[{"href":"https:\/\/vista-carnica.com\/it\/wp-json\/wp\/v2\/pages\/740","targetHints":{"allow":["GET"]}}],"collection":[{"href":"https:\/\/vista-carnica.com\/it\/wp-json\/wp\/v2\/pages"}],"about":[{"href":"https:\/\/vista-carnica.com\/it\/wp-json\/wp\/v2\/types\/page"}],"author":[{"embeddable":true,"href":"https:\/\/vista-carnica.com\/it\/wp-json\/wp\/v2\/users\/1"}],"replies":[{"embeddable":true,"href":"https:\/\/vista-carnica.com\/it\/wp-json\/wp\/v2\/comments?post=740"}],"version-history":[{"count":1,"href":"https:\/\/vista-carnica.com\/it\/wp-json\/wp\/v2\/pages\/740\/revisions"}],"predecessor-version":[{"id":746,"href":"https:\/\/vista-carnica.com\/it\/wp-json\/wp\/v2\/pages\/740\/revisions\/746"}],"wp:attachment":[{"href":"https:\/\/vista-carnica.com\/it\/wp-json\/wp\/v2\/media?parent=740"}],"curies":[{"name":"wp","href":"https:\/\/api.w.org\/{rel}","templated":true}]}}